{"id":936,"date":"2023-05-05T08:58:53","date_gmt":"2023-05-05T08:58:53","guid":{"rendered":"https:\/\/mistercooper.app\/?page_id=936"},"modified":"2026-02-01T18:49:38","modified_gmt":"2026-02-01T18:49:38","slug":"quien-somos","status":"publish","type":"page","link":"https:\/\/mistercooper.app\/en\/quien-somos\/","title":{"rendered":"Qui\u00e9n somos"},"content":{"rendered":"\n<p>Mister Cooper est\u00e1 formado por un equipo de compuesto por adiestradores caninos, dise\u00f1adores, programadores y profesionales del audiovisual que tienen el objetivo de ayudarte a mejorar la relaci\u00f3n con tu perro y hacer que su adiestramiento sea una experiencia divertida y efectiva. Nos apasiona el mundo canino y creemos que la educaci\u00f3n y el entrenamiento son fundamentales para que nuestros compa\u00f1eros de cuatro patas tengan una vida feliz y saludable junto a sus familias. Por eso, hemos desarrollado una aplicaci\u00f3n intuitiva y f\u00e1cil de usar, que te guiar\u00e1 en el proceso de adiestramiento y te permitir\u00e1 aprender junto a tu perro de una manera entretenida y amigable. \u00a1\u00danete a nuestra comunidad y descubre todo lo que Mister Cooper puede hacer por ti y por tu peludo amigo! <\/p>\n","protected":false},"excerpt":{"rendered":"<p>Mister Cooper est\u00e1 formado por un equipo de compuesto por adiestradores caninos, dise\u00f1adores, programadores y profesionales del audiovisual que tienen el objetivo de ayudarte a mejorar la relaci\u00f3n con tu perro y hacer que su adiestramiento sea una experiencia divertida y efectiva. Nos apasiona el mundo canino y creemos que la educaci\u00f3n y el entrenamiento [&hellip;]<\/p>\n","protected":false},"author":1,"featured_media":0,"parent":0,"menu_order":0,"comment_status":"closed","ping_status":"closed","template":"","meta":{"footnotes":""},"class_list":["post-936","page","type-page","status-publish","hentry"],"yoast_head":"<!-- This site is optimized with the Yoast SEO plugin v23.0 - https:\/\/yoast.com\/wordpress\/plugins\/seo\/ -->\n<title>Qui\u00e9n somos<\/title>\n<meta name=\"robots\" content=\"index, follow, max-snippet:-1, max-image-preview:large, max-video-preview:-1\" \/>\n<link rel=\"canonical\" href=\"https:\/\/mistercooper.app\/en\/quien-somos\/\" \/>\n<meta property=\"og:locale\" content=\"en_US\" \/>\n<meta property=\"og:locale:alternate\" content=\"es_ES\" \/>\n<meta property=\"og:type\" content=\"article\" \/>\n<meta property=\"og:title\" content=\"Qui\u00e9n somos\" \/>\n<meta property=\"og:description\" content=\"Mister Cooper est\u00e1 formado por un equipo de compuesto por adiestradores caninos, dise\u00f1adores, programadores y profesionales del audiovisual que tienen el objetivo de ayudarte a mejorar la relaci\u00f3n con tu perro y hacer que su adiestramiento sea una experiencia divertida y efectiva. Nos apasiona el mundo canino y creemos que la educaci\u00f3n y el entrenamiento [&hellip;]\" \/>\n<meta property=\"og:url\" content=\"https:\/\/mistercooper.app\/en\/quien-somos\/\" \/>\n<meta property=\"og:site_name\" content=\"Mister Cooper - La app de Adiestramiento Canino Online\" \/>\n<meta property=\"article:modified_time\" content=\"2026-02-01T18:49:38+00:00\" \/>\n<meta name=\"twitter:card\" content=\"summary_large_image\" \/>\n<meta name=\"twitter:label1\" content=\"Est. reading time\" \/>\n\t<meta name=\"twitter:data1\" content=\"1 minute\" \/>\n<script type=\"application\/ld+json\" class=\"yoast-schema-graph\">{\"@context\":\"https:\/\/schema.org\",\"@graph\":[{\"@type\":\"WebPage\",\"@id\":\"https:\/\/mistercooper.app\/en\/quien-somos\/\",\"url\":\"https:\/\/mistercooper.app\/en\/quien-somos\/\",\"name\":\"Qui\u00e9n somos\",\"isPartOf\":{\"@id\":\"https:\/\/mistercooper.app\/#website\"},\"datePublished\":\"2023-05-05T08:58:53+00:00\",\"dateModified\":\"2026-02-01T18:49:38+00:00\",\"breadcrumb\":{\"@id\":\"https:\/\/mistercooper.app\/en\/quien-somos\/#breadcrumb\"},\"inLanguage\":\"en-US\",\"potentialAction\":[{\"@type\":\"ReadAction\",\"target\":[\"https:\/\/mistercooper.app\/en\/quien-somos\/\"]}]},{\"@type\":\"BreadcrumbList\",\"@id\":\"https:\/\/mistercooper.app\/en\/quien-somos\/#breadcrumb\",\"itemListElement\":[{\"@type\":\"ListItem\",\"position\":1,\"name\":\"Portada\",\"item\":\"https:\/\/mistercooper.app\/en\/\"},{\"@type\":\"ListItem\",\"position\":2,\"name\":\"Qui\u00e9n somos\"}]},{\"@type\":\"WebSite\",\"@id\":\"https:\/\/mistercooper.app\/#website\",\"url\":\"https:\/\/mistercooper.app\/\",\"name\":\"Mister Cooper - App de Adiestramiento Canino\",\"description\":\"Domina el adiestramiento canino online con Mister Cooper. La app definitiva en Android e iOS para educar a tu perro paso a paso desde casa. \u00a1Empieza hoy!\",\"publisher\":{\"@id\":\"https:\/\/mistercooper.app\/#organization\"},\"potentialAction\":[{\"@type\":\"SearchAction\",\"target\":{\"@type\":\"EntryPoint\",\"urlTemplate\":\"https:\/\/mistercooper.app\/?s={search_term_string}\"},\"query-input\":\"required name=search_term_string\"}],\"inLanguage\":\"en-US\"},{\"@type\":\"Organization\",\"@id\":\"https:\/\/mistercooper.app\/#organization\",\"name\":\"Mister Cooper - App de Adiestramiento Canino\",\"url\":\"https:\/\/mistercooper.app\/\",\"logo\":{\"@type\":\"ImageObject\",\"inLanguage\":\"en-US\",\"@id\":\"https:\/\/mistercooper.app\/#\/schema\/logo\/image\/\",\"url\":\"https:\/\/mistercooper.app\/wp-content\/uploads\/2023\/01\/logo-mister-cooper_azul_transparente-2.png\",\"contentUrl\":\"https:\/\/mistercooper.app\/wp-content\/uploads\/2023\/01\/logo-mister-cooper_azul_transparente-2.png\",\"width\":107,\"height\":56,\"caption\":\"Mister Cooper - App de Adiestramiento Canino\"},\"image\":{\"@id\":\"https:\/\/mistercooper.app\/#\/schema\/logo\/image\/\"}}]}<\/script>\n<!-- \/ Yoast SEO plugin. -->","yoast_head_json":{"title":"Qui\u00e9n somos","robots":{"index":"index","follow":"follow","max-snippet":"max-snippet:-1","max-image-preview":"max-image-preview:large","max-video-preview":"max-video-preview:-1"},"canonical":"https:\/\/mistercooper.app\/en\/quien-somos\/","og_locale":"en_US","og_type":"article","og_title":"[:en]Qui\u00e9n somos[:es]Qui\u00e9n somos[:] - Mister Cooper - La app de Adiestramiento Canino Online","og_description":"Mister Cooper est\u00e1 formado por un equipo de compuesto por adiestradores caninos, dise\u00f1adores, programadores y profesionales del audiovisual que tienen el objetivo de ayudarte a mejorar la relaci\u00f3n con tu perro y hacer que su adiestramiento sea una experiencia divertida y efectiva. Nos apasiona el mundo canino y creemos que la educaci\u00f3n y el entrenamiento [&hellip;]","og_url":"https:\/\/mistercooper.app\/en\/quien-somos\/","og_site_name":"Mister Cooper - La app de Adiestramiento Canino Online","article_modified_time":"2026-02-01T18:49:38+00:00","twitter_card":"summary_large_image","twitter_misc":{"Est. reading time":"1 minute"},"schema":{"@context":"https:\/\/schema.org","@graph":[{"@type":"WebPage","@id":"https:\/\/mistercooper.app\/en\/quien-somos\/","url":"https:\/\/mistercooper.app\/en\/quien-somos\/","name":"Qui\u00e9n somos","isPartOf":{"@id":"https:\/\/mistercooper.app\/#website"},"datePublished":"2023-05-05T08:58:53+00:00","dateModified":"2026-02-01T18:49:38+00:00","breadcrumb":{"@id":"https:\/\/mistercooper.app\/en\/quien-somos\/#breadcrumb"},"inLanguage":"en-US","potentialAction":[{"@type":"ReadAction","target":["https:\/\/mistercooper.app\/en\/quien-somos\/"]}]},{"@type":"BreadcrumbList","@id":"https:\/\/mistercooper.app\/en\/quien-somos\/#breadcrumb","itemListElement":[{"@type":"ListItem","position":1,"name":"Portada","item":"https:\/\/mistercooper.app\/en\/"},{"@type":"ListItem","position":2,"name":"Qui\u00e9n somos"}]},{"@type":"WebSite","@id":"https:\/\/mistercooper.app\/#website","url":"https:\/\/mistercooper.app\/","name":"Mister Cooper - App de Adiestramiento Canino","description":"Domina el adiestramiento canino online con Mister Cooper. La app definitiva en Android e iOS para educar a tu perro paso a paso desde casa. \u00a1Empieza hoy!","publisher":{"@id":"https:\/\/mistercooper.app\/#organization"},"potentialAction":[{"@type":"SearchAction","target":{"@type":"EntryPoint","urlTemplate":"https:\/\/mistercooper.app\/?s={search_term_string}"},"query-input":"required name=search_term_string"}],"inLanguage":"en-US"},{"@type":"Organization","@id":"https:\/\/mistercooper.app\/#organization","name":"Mister Cooper - App de Adiestramiento Canino","url":"https:\/\/mistercooper.app\/","logo":{"@type":"ImageObject","inLanguage":"en-US","@id":"https:\/\/mistercooper.app\/#\/schema\/logo\/image\/","url":"https:\/\/mistercooper.app\/wp-content\/uploads\/2023\/01\/logo-mister-cooper_azul_transparente-2.png","contentUrl":"https:\/\/mistercooper.app\/wp-content\/uploads\/2023\/01\/logo-mister-cooper_azul_transparente-2.png","width":107,"height":56,"caption":"Mister Cooper - App de Adiestramiento Canino"},"image":{"@id":"https:\/\/mistercooper.app\/#\/schema\/logo\/image\/"}}]}},"_links":{"self":[{"href":"https:\/\/mistercooper.app\/en\/wp-json\/wp\/v2\/pages\/936","targetHints":{"allow":["GET"]}}],"collection":[{"href":"https:\/\/mistercooper.app\/en\/wp-json\/wp\/v2\/pages"}],"about":[{"href":"https:\/\/mistercooper.app\/en\/wp-json\/wp\/v2\/types\/page"}],"author":[{"embeddable":true,"href":"https:\/\/mistercooper.app\/en\/wp-json\/wp\/v2\/users\/1"}],"replies":[{"embeddable":true,"href":"https:\/\/mistercooper.app\/en\/wp-json\/wp\/v2\/comments?post=936"}],"version-history":[{"count":3,"href":"https:\/\/mistercooper.app\/en\/wp-json\/wp\/v2\/pages\/936\/revisions"}],"predecessor-version":[{"id":1201,"href":"https:\/\/mistercooper.app\/en\/wp-json\/wp\/v2\/pages\/936\/revisions\/1201"}],"wp:attachment":[{"href":"https:\/\/mistercooper.app\/en\/wp-json\/wp\/v2\/media?parent=936"}],"curies":[{"name":"wp","href":"https:\/\/api.w.org\/{rel}","templated":true}]}}